{"id":5,"date":"2025-01-28T03:22:51","date_gmt":"2025-01-28T03:22:51","guid":{"rendered":"https:\/\/tpmarketingbr.com\/servicos\/"},"modified":"2026-03-15T01:47:15","modified_gmt":"2026-03-15T01:47:15","slug":"services","status":"publish","type":"page","link":"https:\/\/tpmarketingbr.com\/?page_id=5","title":{"rendered":"Services"},"content":{"rendered":"\n<div class=\"wp-block-group alignwide hostinger-ai-fade-up\"><div class=\"wp-block-group__inner-container is-layout-constrained wp-block-group-is-layout-constrained\">\n<div class=\"wp-block-group alignwide hostinger-ai-fade-up is-content-justification-left\"><div class=\"wp-block-group__inner-container is-layout-constrained wp-container-core-group-is-layout-8c890d92 wp-block-group-is-layout-constrained\">\n<h2 class=\"wp-block-heading has-text-align-center is-style-default hostinger-ai-title has-dark-color has-text-color has-link-color has-x-large-font-size wp-elements-883a2ae25f6c4b5de9931cb3382116c5\" style=\"margin-bottom:var(--wp--preset--spacing--50)\">Servi\u00e7os de Marketing<\/h2>\n\n\n\n<div class=\"wp-block-group alignwide hostinger-ai-fade-up is-layout-grid wp-container-core-group-is-layout-bacfd918 wp-block-group-is-layout-grid\">\n<div class=\"wp-block-group hostinger-ai-fade-up\" style=\"padding-top:0;padding-right:var(--wp--preset--spacing--20);padding-bottom:0;padding-left:var(--wp--preset--spacing--20)\"><div class=\"wp-block-group__inner-container is-layout-constrained wp-container-core-group-is-layout-5c16083f wp-block-group-is-layout-constrained\">\n<figure class=\"wp-block-image size-full has-custom-border hostinger-ai-service-image\"><img decoding=\"async\" src=\"https:\/\/images.unsplash.com\/photo-1432888498266-38ffec3eaf0a?crop=entropy&amp;cs=srgb&amp;fm=jpg&amp;ixid=M3w0NTI1Mzl8MHwxfHNlYXJjaHw0fHxtYXJrZXRpbmclMjBzZXJ2aWNlc3xlbnwwfHx8fDE3MzgwMzQ1NzB8MA&amp;ixlib=rb-4.0.3&amp;q=85&amp;w=340&amp;h=340&amp;fit=crop\" alt=\"\" class=\"wp-image-160\" style=\"border-radius:8px\"\/><\/figure>\n\n\n\n<p class=\"hostinger-ai-service-description has-dark-color has-text-color has-link-color has-medium-font-size wp-elements-8270273e60f1dba84f9506ed14a36330\" style=\"margin-top:var(--wp--preset--spacing--40)\">Oferecemos solu\u00e7\u00f5es personalizadas em marketing digital e offline para todos os tipos de neg\u00f3cios.<\/p>\n<\/div><\/div>\n\n\n\n<div class=\"wp-block-group hostinger-ai-fade-up\" style=\"padding-right:var(--wp--preset--spacing--20);padding-left:var(--wp--preset--spacing--20)\"><div class=\"wp-block-group__inner-container is-layout-constrained wp-container-core-group-is-layout-56a9e311 wp-block-group-is-layout-constrained\">\n<figure class=\"wp-block-image size-full has-custom-border hostinger-ai-service-image hostinger-index-1\"><img decoding=\"async\" src=\"https:\/\/images.unsplash.com\/photo-1516321318423-f06f85e504b3?crop=entropy&amp;cs=srgb&amp;fm=jpg&amp;ixid=M3w0NTI1Mzl8MHwxfHNlYXJjaHw1fHxtYXJrZXRpbmclMjBzZXJ2aWNlc3xlbnwwfHx8fDE3MzgwMzQ1NzB8MA&amp;ixlib=rb-4.0.3&amp;q=85&amp;w=340&amp;h=340&amp;fit=crop\" alt=\"\" class=\"wp-image-160\" style=\"border-radius:8px\"\/><\/figure>\n\n\n\n<p class=\"hostinger-ai-service-description hostinger-index-1 has-dark-color has-text-color has-link-color has-medium-font-size wp-elements-3c4b8cbe3452c4ab6cc2be5b7e223df2\" style=\"margin-top:var(--wp--preset--spacing--40)\">Desenvolvemos websites responsivos e intuitivos, focando na experi\u00eancia do usu\u00e1rio e otimiza\u00e7\u00e3o.<\/p>\n<\/div><\/div>\n\n\n\n<div class=\"wp-block-group hostinger-ai-fade-up\" style=\"padding-right:var(--wp--preset--spacing--20);padding-left:var(--wp--preset--spacing--20)\"><div class=\"wp-block-group__inner-container is-layout-constrained wp-container-core-group-is-layout-56a9e311 wp-block-group-is-layout-constrained\">\n<figure class=\"wp-block-image size-full has-custom-border hostinger-ai-service-image hostinger-index-2\"><img decoding=\"async\" src=\"https:\/\/images.unsplash.com\/photo-1444653614773-995cb1ef9efa?crop=entropy&amp;cs=srgb&amp;fm=jpg&amp;ixid=M3w0NTI1Mzl8MHwxfHNlYXJjaHw2fHxtYXJrZXRpbmclMjBzZXJ2aWNlc3xlbnwwfHx8fDE3MzgwMzQ1NzB8MA&amp;ixlib=rb-4.0.3&amp;q=85&amp;w=340&amp;h=340&amp;fit=crop\" alt=\"\" class=\"wp-image-160\" style=\"border-radius:8px\"\/><\/figure>\n\n\n\n<p class=\"hostinger-ai-service-description hostinger-index-2 has-dark-color has-text-color has-link-color has-medium-font-size wp-elements-d6c2c077e84cb3a436ff72b77327da82\" style=\"margin-top:var(--wp--preset--spacing--40)\">Criamos e gerenciamos campanhas de social media, branding e design gr\u00e1fico para sua marca.<\/p>\n<\/div><\/div>\n<\/div>\n<\/div><\/div>\n<\/div><\/div>\n\n\n\n<div class=\"wp-block-group alignwide hostinger-ai-fade-up\"><div class=\"wp-block-group__inner-container is-layout-constrained wp-block-group-is-layout-constrained\">\n<div class=\"wp-block-group alignwide\"><div class=\"wp-block-group__inner-container is-layout-flow wp-block-group-is-layout-flow\">\n<h2 class=\"wp-block-heading alignfull has-text-align-left hostinger-ai-subtitle has-dark-color has-text-color has-link-color has-x-large-font-size wp-elements-763dfac0d53491f101ae73cae278a82c\" style=\"margin-bottom:var(--wp--preset--spacing--50)\">Avalia\u00e7\u00f5es de Clientes<\/h2>\n<\/div><\/div>\n\n\n\n<div class=\"wp-block-columns alignwide is-layout-flex wp-container-core-columns-is-layout-9d6595d7 wp-block-columns-is-layout-flex\">\n<div class=\"wp-block-column is-layout-flow wp-block-column-is-layout-flow\" style=\"flex-basis:33.3333333%\">\n<p class=\"hostinger-ai-testimonial-text hostinger-index-0 has-dark-color has-text-color has-link-color has-medium-font-size wp-elements-2174fe4838dce48a1dfa925bf3892b3a wp-container-content-69bc4bdf\" style=\"padding-left:var(--wp--preset--spacing--20)\">\u201dA TP Marketing transformou nossa presen\u00e7a online e trouxe resultados incr\u00edveis para nosso neg\u00f3cio.\u201d<\/p>\n<\/div>\n\n\n\n<div class=\"wp-block-column is-layout-flow wp-block-column-is-layout-flow\" style=\"flex-basis:33.3333333%\">\n<p class=\"hostinger-ai-testimonial-text hostinger-index-1 has-dark-color has-text-color has-link-color has-medium-font-size wp-elements-b70f5d56fb6a86fac826eac6a6e679f0 wp-container-content-69bc4bdf\" style=\"padding-left:var(--wp--preset--spacing--20)\">\u201dExcelente atendimento e servi\u00e7os de alta qualidade. Recomendo para quem busca crescimento.\u201d<\/p>\n<\/div>\n\n\n\n<div class=\"wp-block-column is-layout-flow wp-block-column-is-layout-flow\" style=\"flex-basis:33.3333333%\">\n<p class=\"hostinger-ai-testimonial-text hostinger-index-2 has-dark-color has-text-color has-link-color has-medium-font-size wp-elements-11aa4509dde5f47d28713fa1ff94c0a8 wp-container-content-69bc4bdf\" style=\"padding-left:var(--wp--preset--spacing--20)\">\u201dProfissionais dedicados e criativos, sempre prontos para atender nossas necessidades de marketing e design.\u201d<\/p>\n<\/div>\n<\/div>\n<\/div><\/div>\n\n\n\n<div class=\"wp-block-group alignfull hostinger-ai-solid-block hostinger-ai-fade-up has-color-1-background-color has-background\" style=\"padding-top:var(--wp--preset--spacing--60);padding-bottom:var(--wp--preset--spacing--60)\"><div class=\"wp-block-group__inner-container is-layout-constrained wp-block-group-is-layout-constrained\">\n<div class=\"wp-block-group alignwide hostinger-ai-fade-up is-vertical is-content-justification-center is-nowrap is-layout-flex wp-container-core-group-is-layout-2445e12c wp-block-group-is-layout-flex\" style=\"min-height:0px;padding-top:0;padding-bottom:0\">\n<div class=\"wp-block-group hostinger-ai-fade-up wp-container-content-69bc4bdf is-content-justification-center\"><div class=\"wp-block-group__inner-container is-layout-constrained wp-block-group-is-layout-constrained\">\n<h2 class=\"wp-block-heading has-text-align-center hostinger-ai-title has-dark-color has-text-color has-link-color has-x-large-font-size wp-elements-fc382e8bd8361a50363b4f65a7c730e5\" style=\"margin-top:0;margin-right:0;margin-bottom:0;margin-left:0\">Servi\u00e7os Profissionais<\/h2>\n\n\n\n<p class=\"has-text-align-center hostinger-ai-description has-dark-color has-text-color has-link-color has-medium-font-size wp-elements-43f008d647ff03649af6fd817bdbb398\" style=\"margin-top:var(--wp--preset--spacing--20);margin-bottom:var(--wp--preset--spacing--50)\">Oferecemos solu\u00e7\u00f5es personalizadas em marketing, design e web, otimizando sua presen\u00e7a online e offline para m\u00e1ximo impacto.<\/p>\n\n\n\n<div class=\"wp-block-buttons is-content-justification-center is-layout-flex wp-container-core-buttons-is-layout-16018d1d wp-block-buttons-is-layout-flex\">\n<div class=\"wp-block-button has-custom-font-size hostinger-ai-cta-button has-medium-font-size\"><a class=\"wp-block-button__link has-dark-color has-accent-background-color has-text-color has-background has-link-color has-border-color has-dark-border-color wp-element-button\" href=\"https:\/\/wa.me\/5541998185575?text=Ol%C3%A1,%20gostaria%20de%20saber%20mais%20sobre%20os%20vossos%20servi%C3%A7os!\" style=\"padding-top:var(--wp--preset--spacing--30);padding-right:var(--wp--preset--spacing--70);padding-bottom:var(--wp--preset--spacing--30);padding-left:var(--wp--preset--spacing--70)\"><strong>Solicite<\/strong><\/a><\/div>\n<\/div>\n<\/div><\/div>\n<\/div>\n<\/div><\/div>\n\n\n\n<p><\/p>\n","protected":false},"excerpt":{"rendered":"<p>Servi\u00e7os de Marketing Oferecemos solu\u00e7\u00f5es personalizadas em marketing digital e offline para todos os tipos de neg\u00f3cios. Desenvolvemos websites responsivos e intuitivos, focando na experi\u00eancia do usu\u00e1rio e otimiza\u00e7\u00e3o. Criamos e gerenciamos campanhas de social media, branding e design gr\u00e1fico para sua marca. Avalia\u00e7\u00f5es de Clientes \u201dA TP Marketing transformou nossa presen\u00e7a online e trouxe resultados incr\u00edveis para nosso neg\u00f3cio.\u201d \u201dExcelente atendimento e servi\u00e7os de alta qualidade. Recomendo para quem busca crescimento.\u201d \u201dProfissionais dedicados e criativos, sempre prontos para atender nossas necessidades de marketing e design.\u201d Servi\u00e7os Profissionais Oferecemos solu\u00e7\u00f5es personalizadas em marketing, design e web, otimizando sua presen\u00e7a online e offline para m\u00e1ximo impacto.<\/p>\n","protected":false},"author":1,"featured_media":0,"parent":0,"menu_order":0,"comment_status":"closed","ping_status":"closed","template":"","meta":{"footnotes":""},"class_list":["post-5","page","type-page","status-publish","hentry"],"yoast_head":"<!-- This site is optimized with the Yoast SEO plugin v27.5 - https:\/\/yoast.com\/product\/yoast-seo-wordpress\/ -->\n<title>Services - TP Marketing BR<\/title>\n<meta name=\"robots\" content=\"index, follow, max-snippet:-1, max-image-preview:large, max-video-preview:-1\" \/>\n<link rel=\"canonical\" href=\"https:\/\/tpmarketingbr.com\/?page_id=5\" \/>\n<meta property=\"og:locale\" content=\"en_US\" \/>\n<meta property=\"og:type\" content=\"article\" \/>\n<meta property=\"og:title\" content=\"Services - TP Marketing BR\" \/>\n<meta property=\"og:description\" content=\"Servi\u00e7os de Marketing Oferecemos solu\u00e7\u00f5es personalizadas em marketing digital e offline para todos os tipos de neg\u00f3cios. Desenvolvemos websites responsivos e intuitivos, focando na experi\u00eancia do usu\u00e1rio e otimiza\u00e7\u00e3o. Criamos e gerenciamos campanhas de social media, branding e design gr\u00e1fico para sua marca. Avalia\u00e7\u00f5es de Clientes \u201dA TP Marketing transformou nossa presen\u00e7a online e trouxe resultados incr\u00edveis para nosso neg\u00f3cio.\u201d \u201dExcelente atendimento e servi\u00e7os de alta qualidade. Recomendo para quem busca crescimento.\u201d \u201dProfissionais dedicados e criativos, sempre prontos para atender nossas necessidades de marketing e design.\u201d Servi\u00e7os Profissionais Oferecemos solu\u00e7\u00f5es personalizadas em marketing, design e web, otimizando sua presen\u00e7a online e offline para m\u00e1ximo impacto.\" \/>\n<meta property=\"og:url\" content=\"https:\/\/tpmarketingbr.com\/?page_id=5\" \/>\n<meta property=\"og:site_name\" content=\"TP Marketing BR\" \/>\n<meta property=\"article:modified_time\" content=\"2026-03-15T01:47:15+00:00\" \/>\n<meta name=\"twitter:card\" content=\"summary_large_image\" \/>\n<meta name=\"twitter:label1\" content=\"Est. reading time\" \/>\n\t<meta name=\"twitter:data1\" content=\"1 minute\" \/>\n<script type=\"application\/ld+json\" class=\"yoast-schema-graph\">{\"@context\":\"https:\\\/\\\/schema.org\",\"@graph\":[{\"@type\":\"WebPage\",\"@id\":\"https:\\\/\\\/tpmarketingbr.com\\\/?page_id=5\",\"url\":\"https:\\\/\\\/tpmarketingbr.com\\\/?page_id=5\",\"name\":\"Services - TP Marketing BR\",\"isPartOf\":{\"@id\":\"https:\\\/\\\/tpmarketingbr.com\\\/#website\"},\"primaryImageOfPage\":{\"@id\":\"https:\\\/\\\/tpmarketingbr.com\\\/?page_id=5#primaryimage\"},\"image\":{\"@id\":\"https:\\\/\\\/tpmarketingbr.com\\\/?page_id=5#primaryimage\"},\"thumbnailUrl\":\"https:\\\/\\\/images.unsplash.com\\\/photo-1432888498266-38ffec3eaf0a?crop=entropy&amp;cs=srgb&amp;fm=jpg&amp;ixid=M3w0NTI1Mzl8MHwxfHNlYXJjaHw0fHxtYXJrZXRpbmclMjBzZXJ2aWNlc3xlbnwwfHx8fDE3MzgwMzQ1NzB8MA&amp;ixlib=rb-4.0.3&amp;q=85&amp;w=340&amp;h=340&amp;fit=crop\",\"datePublished\":\"2025-01-28T03:22:51+00:00\",\"dateModified\":\"2026-03-15T01:47:15+00:00\",\"breadcrumb\":{\"@id\":\"https:\\\/\\\/tpmarketingbr.com\\\/?page_id=5#breadcrumb\"},\"inLanguage\":\"en-US\",\"potentialAction\":[{\"@type\":\"ReadAction\",\"target\":[\"https:\\\/\\\/tpmarketingbr.com\\\/?page_id=5\"]}]},{\"@type\":\"ImageObject\",\"inLanguage\":\"en-US\",\"@id\":\"https:\\\/\\\/tpmarketingbr.com\\\/?page_id=5#primaryimage\",\"url\":\"https:\\\/\\\/images.unsplash.com\\\/photo-1432888498266-38ffec3eaf0a?crop=entropy&amp;cs=srgb&amp;fm=jpg&amp;ixid=M3w0NTI1Mzl8MHwxfHNlYXJjaHw0fHxtYXJrZXRpbmclMjBzZXJ2aWNlc3xlbnwwfHx8fDE3MzgwMzQ1NzB8MA&amp;ixlib=rb-4.0.3&amp;q=85&amp;w=340&amp;h=340&amp;fit=crop\",\"contentUrl\":\"https:\\\/\\\/images.unsplash.com\\\/photo-1432888498266-38ffec3eaf0a?crop=entropy&amp;cs=srgb&amp;fm=jpg&amp;ixid=M3w0NTI1Mzl8MHwxfHNlYXJjaHw0fHxtYXJrZXRpbmclMjBzZXJ2aWNlc3xlbnwwfHx8fDE3MzgwMzQ1NzB8MA&amp;ixlib=rb-4.0.3&amp;q=85&amp;w=340&amp;h=340&amp;fit=crop\"},{\"@type\":\"BreadcrumbList\",\"@id\":\"https:\\\/\\\/tpmarketingbr.com\\\/?page_id=5#breadcrumb\",\"itemListElement\":[{\"@type\":\"ListItem\",\"position\":1,\"name\":\"Home\",\"item\":\"https:\\\/\\\/tpmarketingbr.com\\\/\"},{\"@type\":\"ListItem\",\"position\":2,\"name\":\"Services\"}]},{\"@type\":\"WebSite\",\"@id\":\"https:\\\/\\\/tpmarketingbr.com\\\/#website\",\"url\":\"https:\\\/\\\/tpmarketingbr.com\\\/\",\"name\":\"TP Marketing BR\",\"description\":\"Venture Building. Brand Strategy. Business Growth.\",\"publisher\":{\"@id\":\"https:\\\/\\\/tpmarketingbr.com\\\/#organization\"},\"potentialAction\":[{\"@type\":\"SearchAction\",\"target\":{\"@type\":\"EntryPoint\",\"urlTemplate\":\"https:\\\/\\\/tpmarketingbr.com\\\/?s={search_term_string}\"},\"query-input\":{\"@type\":\"PropertyValueSpecification\",\"valueRequired\":true,\"valueName\":\"search_term_string\"}}],\"inLanguage\":\"en-US\"},{\"@type\":\"Organization\",\"@id\":\"https:\\\/\\\/tpmarketingbr.com\\\/#organization\",\"name\":\"TP Marketing BR\",\"url\":\"https:\\\/\\\/tpmarketingbr.com\\\/\",\"logo\":{\"@type\":\"ImageObject\",\"inLanguage\":\"en-US\",\"@id\":\"https:\\\/\\\/tpmarketingbr.com\\\/#\\\/schema\\\/logo\\\/image\\\/\",\"url\":\"https:\\\/\\\/tpmarketingbr.com\\\/wp-content\\\/uploads\\\/2026\\\/03\\\/cropped-cropped-283e2422-1ac2-4792-b857-9ee5db8663d5.jpg\",\"contentUrl\":\"https:\\\/\\\/tpmarketingbr.com\\\/wp-content\\\/uploads\\\/2026\\\/03\\\/cropped-cropped-283e2422-1ac2-4792-b857-9ee5db8663d5.jpg\",\"width\":512,\"height\":512,\"caption\":\"TP Marketing BR\"},\"image\":{\"@id\":\"https:\\\/\\\/tpmarketingbr.com\\\/#\\\/schema\\\/logo\\\/image\\\/\"},\"sameAs\":[\"https:\\\/\\\/www.linkedin.com\\\/company\\\/tp-marketing-br\\\/\"]}]}<\/script>\n<!-- \/ Yoast SEO plugin. -->","yoast_head_json":{"title":"Services - TP Marketing BR","robots":{"index":"index","follow":"follow","max-snippet":"max-snippet:-1","max-image-preview":"max-image-preview:large","max-video-preview":"max-video-preview:-1"},"canonical":"https:\/\/tpmarketingbr.com\/?page_id=5","og_locale":"en_US","og_type":"article","og_title":"Services - TP Marketing BR","og_description":"Servi\u00e7os de Marketing Oferecemos solu\u00e7\u00f5es personalizadas em marketing digital e offline para todos os tipos de neg\u00f3cios. Desenvolvemos websites responsivos e intuitivos, focando na experi\u00eancia do usu\u00e1rio e otimiza\u00e7\u00e3o. Criamos e gerenciamos campanhas de social media, branding e design gr\u00e1fico para sua marca. Avalia\u00e7\u00f5es de Clientes \u201dA TP Marketing transformou nossa presen\u00e7a online e trouxe resultados incr\u00edveis para nosso neg\u00f3cio.\u201d \u201dExcelente atendimento e servi\u00e7os de alta qualidade. Recomendo para quem busca crescimento.\u201d \u201dProfissionais dedicados e criativos, sempre prontos para atender nossas necessidades de marketing e design.\u201d Servi\u00e7os Profissionais Oferecemos solu\u00e7\u00f5es personalizadas em marketing, design e web, otimizando sua presen\u00e7a online e offline para m\u00e1ximo impacto.","og_url":"https:\/\/tpmarketingbr.com\/?page_id=5","og_site_name":"TP Marketing BR","article_modified_time":"2026-03-15T01:47:15+00:00","twitter_card":"summary_large_image","twitter_misc":{"Est. reading time":"1 minute"},"schema":{"@context":"https:\/\/schema.org","@graph":[{"@type":"WebPage","@id":"https:\/\/tpmarketingbr.com\/?page_id=5","url":"https:\/\/tpmarketingbr.com\/?page_id=5","name":"Services - TP Marketing BR","isPartOf":{"@id":"https:\/\/tpmarketingbr.com\/#website"},"primaryImageOfPage":{"@id":"https:\/\/tpmarketingbr.com\/?page_id=5#primaryimage"},"image":{"@id":"https:\/\/tpmarketingbr.com\/?page_id=5#primaryimage"},"thumbnailUrl":"https:\/\/images.unsplash.com\/photo-1432888498266-38ffec3eaf0a?crop=entropy&amp;cs=srgb&amp;fm=jpg&amp;ixid=M3w0NTI1Mzl8MHwxfHNlYXJjaHw0fHxtYXJrZXRpbmclMjBzZXJ2aWNlc3xlbnwwfHx8fDE3MzgwMzQ1NzB8MA&amp;ixlib=rb-4.0.3&amp;q=85&amp;w=340&amp;h=340&amp;fit=crop","datePublished":"2025-01-28T03:22:51+00:00","dateModified":"2026-03-15T01:47:15+00:00","breadcrumb":{"@id":"https:\/\/tpmarketingbr.com\/?page_id=5#breadcrumb"},"inLanguage":"en-US","potentialAction":[{"@type":"ReadAction","target":["https:\/\/tpmarketingbr.com\/?page_id=5"]}]},{"@type":"ImageObject","inLanguage":"en-US","@id":"https:\/\/tpmarketingbr.com\/?page_id=5#primaryimage","url":"https:\/\/images.unsplash.com\/photo-1432888498266-38ffec3eaf0a?crop=entropy&amp;cs=srgb&amp;fm=jpg&amp;ixid=M3w0NTI1Mzl8MHwxfHNlYXJjaHw0fHxtYXJrZXRpbmclMjBzZXJ2aWNlc3xlbnwwfHx8fDE3MzgwMzQ1NzB8MA&amp;ixlib=rb-4.0.3&amp;q=85&amp;w=340&amp;h=340&amp;fit=crop","contentUrl":"https:\/\/images.unsplash.com\/photo-1432888498266-38ffec3eaf0a?crop=entropy&amp;cs=srgb&amp;fm=jpg&amp;ixid=M3w0NTI1Mzl8MHwxfHNlYXJjaHw0fHxtYXJrZXRpbmclMjBzZXJ2aWNlc3xlbnwwfHx8fDE3MzgwMzQ1NzB8MA&amp;ixlib=rb-4.0.3&amp;q=85&amp;w=340&amp;h=340&amp;fit=crop"},{"@type":"BreadcrumbList","@id":"https:\/\/tpmarketingbr.com\/?page_id=5#breadcrumb","itemListElement":[{"@type":"ListItem","position":1,"name":"Home","item":"https:\/\/tpmarketingbr.com\/"},{"@type":"ListItem","position":2,"name":"Services"}]},{"@type":"WebSite","@id":"https:\/\/tpmarketingbr.com\/#website","url":"https:\/\/tpmarketingbr.com\/","name":"TP Marketing BR","description":"Venture Building. Brand Strategy. Business Growth.","publisher":{"@id":"https:\/\/tpmarketingbr.com\/#organization"},"potentialAction":[{"@type":"SearchAction","target":{"@type":"EntryPoint","urlTemplate":"https:\/\/tpmarketingbr.com\/?s={search_term_string}"},"query-input":{"@type":"PropertyValueSpecification","valueRequired":true,"valueName":"search_term_string"}}],"inLanguage":"en-US"},{"@type":"Organization","@id":"https:\/\/tpmarketingbr.com\/#organization","name":"TP Marketing BR","url":"https:\/\/tpmarketingbr.com\/","logo":{"@type":"ImageObject","inLanguage":"en-US","@id":"https:\/\/tpmarketingbr.com\/#\/schema\/logo\/image\/","url":"https:\/\/tpmarketingbr.com\/wp-content\/uploads\/2026\/03\/cropped-cropped-283e2422-1ac2-4792-b857-9ee5db8663d5.jpg","contentUrl":"https:\/\/tpmarketingbr.com\/wp-content\/uploads\/2026\/03\/cropped-cropped-283e2422-1ac2-4792-b857-9ee5db8663d5.jpg","width":512,"height":512,"caption":"TP Marketing BR"},"image":{"@id":"https:\/\/tpmarketingbr.com\/#\/schema\/logo\/image\/"},"sameAs":["https:\/\/www.linkedin.com\/company\/tp-marketing-br\/"]}]}},"_links":{"self":[{"href":"https:\/\/tpmarketingbr.com\/index.php?rest_route=\/wp\/v2\/pages\/5","targetHints":{"allow":["GET"]}}],"collection":[{"href":"https:\/\/tpmarketingbr.com\/index.php?rest_route=\/wp\/v2\/pages"}],"about":[{"href":"https:\/\/tpmarketingbr.com\/index.php?rest_route=\/wp\/v2\/types\/page"}],"author":[{"embeddable":true,"href":"https:\/\/tpmarketingbr.com\/index.php?rest_route=\/wp\/v2\/users\/1"}],"replies":[{"embeddable":true,"href":"https:\/\/tpmarketingbr.com\/index.php?rest_route=%2Fwp%2Fv2%2Fcomments&post=5"}],"version-history":[{"count":5,"href":"https:\/\/tpmarketingbr.com\/index.php?rest_route=\/wp\/v2\/pages\/5\/revisions"}],"predecessor-version":[{"id":211,"href":"https:\/\/tpmarketingbr.com\/index.php?rest_route=\/wp\/v2\/pages\/5\/revisions\/211"}],"wp:attachment":[{"href":"https:\/\/tpmarketingbr.com\/index.php?rest_route=%2Fwp%2Fv2%2Fmedia&parent=5"}],"curies":[{"name":"wp","href":"https:\/\/api.w.org\/{rel}","templated":true}]}}